{"id":1025,"date":"2019-03-21T18:06:54","date_gmt":"2019-03-21T18:06:54","guid":{"rendered":"https:\/\/bram.vinc.rocks\/?page_id=1025"},"modified":"2026-02-01T16:41:19","modified_gmt":"2026-02-01T16:41:19","slug":"ons-assortiment-wilgentenen","status":"publish","type":"page","link":"https:\/\/willoworks.be\/fr\/ons-assortiment-wilgentenen\/","title":{"rendered":"Page Osier"},"content":{"rendered":"<div id=\"fws_69e006c970982\"  data-column-margin=\"default\" data-midnight=\"dark\"  class=\"wpb_row vc_row-fluid vc_row full-width-content vc_row-o-full-height vc_row-o-columns-middle vc_row-o-equal-height vc_row-flex vc_row-o-content-top\"  style=\"padding-top: 0px; padding-bottom: 0px; \"><div class=\"row-bg-wrap\" data-bg-animation=\"none\" data-bg-animation-delay=\"\" data-bg-overlay=\"false\"><div class=\"inner-wrap row-bg-layer using-image\" ><div class=\"row-bg viewport-desktop using-image\"  style=\"background-image: url(https:\/\/willoworks.be\/wp-content\/uploads\/2025\/12\/foto-5.jpg); background-position: left center; background-repeat: no-repeat; \"><\/div><\/div><\/div><div class=\"row_col_wrap_12 col span_12 dark left\">\n\t<div  class=\"vc_col-sm-8 wpb_column column_container vc_column_container col no-extra-padding inherit_tablet inherit_phone\"  data-border-radius=\"10px\" data-padding-pos=\"all\" data-has-bg-color=\"false\" data-bg-color=\"\" data-bg-opacity=\"1\" data-animation=\"\" data-delay=\"0\" >\n\t\t<div class=\"vc_column-inner\" >\n\t\t\t<div class=\"wpb_wrapper\">\n\t\t\t\t<div id=\"fws_69e006c97107c\" data-midnight=\"\" data-column-margin=\"default\" class=\"wpb_row vc_row-fluid vc_row inner_row  right_padding_150px left_padding_150px right_padding_phone_0px left_padding_phone_0px\"  style=\"padding-top: 10%; padding-bottom: 10%; \"><div class=\"row-bg-wrap\"> <div class=\"row-bg\" ><\/div> <\/div><div class=\"row_col_wrap_12_inner col span_12  left\">\n\t<div style=\"\" class=\"vc_col-sm-12 paddingwithome wpb_column column_container vc_column_container col child_column padding-5-percent right_margin_0px left_margin_0px inherit_tablet padding-4-percent_phone\"  data-using-bg=\"true\" data-border-radius=\"10px\" data-padding-pos=\"all\" data-has-bg-color=\"true\" data-bg-color=\"#ffffff\" data-bg-opacity=\"1\" data-animation=\"\" data-delay=\"0\" >\n\t\t<div class=\"vc_column-inner\" ><div class=\"column-bg-overlay-wrap column-bg-layer\" data-bg-animation=\"none\"><div class=\"column-bg-overlay\" style=\"opacity: 1; background-color: #ffffff;\"><\/div><\/div>\n\t\t<div class=\"wpb_wrapper\">\n\t\t\t<h2 style=\"font-size: 45px;color: #000000;line-height: 1.1;text-align: left\" class=\"vc_custom_heading vc_do_custom_heading\" >Nos brins d\u2019osier<\/h2><div class=\"divider-wrap\" data-alignment=\"default\"><div style=\"height: 20px;\" class=\"divider\"><\/div><\/div>\n<div class=\"wpb_text_column wpb_content_element\" >\n\t<div class=\"wpb_wrapper\">\n\t\t<p>Dans notre plantation, nous cultivons quatre vari\u00e9t\u00e9s d\u2019osier reconnues pour leur qualit\u00e9 et leur polyvalence : <strong>Noir de Villaines \u2013 Purpurea \u2013 Rouge Belge \u2013 et Americana<\/strong>, <strong>Purpurea<\/strong>, <strong>Rouge Belge<\/strong> en <strong>Americana<\/strong>.<\/p>\n<p>La r\u00e9colte a lieu enti\u00e8rement \u00e0 la main, de d\u00e9cembre \u00e0 fin mars, afin de garantir une qualit\u00e9 optimale: souplesse, r\u00e9sistance et homog\u00e9n\u00e9it\u00e9.<\/p>\n<p>Apr\u00e8s la r\u00e9colte, nous trions soigneusement chaque brin en fonction de sa longueur :<\/p>\n<ul>\n<li class=\"translation-block\">Les brins courts <strong>100\u2013160 cm<\/strong>: sont parfaits pour des paniers et objets de vannerie<\/li>\n<li class=\"translation-block\">Les brins plus longs <strong>(180\u2013300 cm)<\/strong> sont id\u00e9aux pour la cr\u00e9ation de cabanes en osier vivant, des haies tress\u00e9es et des tunnels naturels<\/li>\n<\/ul>\n<p>L\u2019osier offre une libert\u00e9 cr\u00e9ative exceptionnelle.\nD\u00e9couvrez nos vari\u00e9t\u00e9s et trouvez l\u2019osier qui correspond parfaitement \u00e0 votre projet.<\/p>\n<p>&nbsp;<\/p>\n\t<\/div>\n<\/div>\n\n\n\n<a class=\"nectar-button medium regular accent-color has-icon  regular-button\"  role=\"button\" style=\"\" target=\"_blank\" href=\"https:\/\/willoworks.be\/wp-content\/uploads\/2026\/02\/liste-deprix-osier-saion-2025-2026.pdf\" data-color-override=\"false\" data-hover-color-override=\"false\" data-hover-text-color-override=\"#fff\"><span>Liste de prix<\/span><i  class=\"fa fa-chevron-right\"><\/i><\/a><div class=\"divider-wrap\" data-alignment=\"default\"><div style=\"height: 8%;\" class=\"divider\"><\/div><\/div>\n\t\t<\/div> \n\t<\/div>\n\t<\/div> \n<\/div><\/div>\n\t\t\t<\/div> \n\t\t<\/div>\n\t<\/div> \n\n\t<div  class=\"vc_col-sm-4 wpb_column column_container vc_column_container col no-extra-padding inherit_tablet inherit_phone\"  data-padding-pos=\"all\" data-has-bg-color=\"false\" data-bg-color=\"\" data-bg-opacity=\"1\" data-animation=\"\" data-delay=\"0\" >\n\t\t<div class=\"vc_column-inner\" >\n\t\t\t<div class=\"wpb_wrapper\">\n\t\t\t\t\n\t\t\t<\/div> \n\t\t<\/div>\n\t<\/div> \n<\/div><\/div>\n\t\t<div id=\"fws_69e006c973030\"  data-column-margin=\"default\" data-midnight=\"dark\"  class=\"wpb_row vc_row-fluid vc_row\"  style=\"padding-top: 0px; padding-bottom: 0px; \"><div class=\"row-bg-wrap\" data-bg-animation=\"none\" data-bg-animation-delay=\"\" data-bg-overlay=\"false\"><div class=\"inner-wrap row-bg-layer\" ><div class=\"row-bg viewport-desktop\"  style=\"\"><\/div><\/div><\/div><div class=\"row_col_wrap_12 col span_12 dark left\">\n\t<div  class=\"vc_col-sm-12 wpb_column column_container vc_column_container col no-extra-padding inherit_tablet inherit_phone\"  data-padding-pos=\"all\" data-has-bg-color=\"false\" data-bg-color=\"\" data-bg-opacity=\"1\" data-animation=\"\" data-delay=\"0\" >\n\t\t<div class=\"vc_column-inner\" >\n\t\t\t<div class=\"wpb_wrapper\">\n\t\t\t\t\n\t\t\t<\/div> \n\t\t<\/div>\n\t<\/div> \n<\/div><\/div>","protected":false},"excerpt":{"rendered":"Ons Assortiment Wilgentenen In onze plantage kweken we met zorg vier unieke vari\u00ebteiten: Noir de Villaines, Purpurea, Rouge Belge en Americana. Tussen december en eind maart worden de wilgentenen volledig...","protected":false},"author":1,"featured_media":0,"parent":0,"menu_order":0,"comment_status":"closed","ping_status":"closed","template":"","meta":{"footnotes":""},"class_list":["post-1025","page","type-page","status-publish"],"yoast_head":"<!-- This site is optimized with the Yoast SEO Premium plugin v26.7 (Yoast SEO v26.7) - https:\/\/yoast.com\/wordpress\/plugins\/seo\/ -->\n<title>Assortiment Wilgentenen | Willoworks<\/title>\n<meta name=\"description\" content=\"Laat jou appels en fruit persen bij La pailotte. Geniet van jou eigen sap en drank. Vanaf 100 kg maken we sap van jou eigen appels.\" \/>\n<meta name=\"robots\" content=\"index, follow, max-snippet:-1, max-image-preview:large, max-video-preview:-1\" \/>\n<link rel=\"canonical\" href=\"https:\/\/willoworks.be\/fr\/ons-assortiment-wilgentenen\/\" \/>\n<meta property=\"og:locale\" content=\"fr_FR\" \/>\n<meta property=\"og:type\" content=\"article\" \/>\n<meta property=\"og:title\" content=\"Assortiment Wilgentenen\" \/>\n<meta property=\"og:description\" content=\"Laat jou appels en fruit persen bij La pailotte. Geniet van jou eigen sap en drank. Vanaf 100 kg maken we sap van jou eigen appels.\" \/>\n<meta property=\"og:url\" content=\"https:\/\/willoworks.be\/fr\/ons-assortiment-wilgentenen\/\" \/>\n<meta property=\"og:site_name\" content=\"Willoworks\" \/>\n<meta property=\"article:modified_time\" content=\"2026-02-01T16:41:19+00:00\" \/>\n<meta name=\"twitter:card\" content=\"summary_large_image\" \/>\n<meta name=\"twitter:label1\" content=\"Dur\u00e9e de lecture est.\" \/>\n\t<meta name=\"twitter:data1\" content=\"26 minutes\" \/>\n<script type=\"application\/ld+json\" class=\"yoast-schema-graph\">{\"@context\":\"https:\/\/schema.org\",\"@graph\":[{\"@type\":\"WebPage\",\"@id\":\"https:\/\/willoworks.be\/ons-assortiment-wilgentenen\/\",\"url\":\"https:\/\/willoworks.be\/ons-assortiment-wilgentenen\/\",\"name\":\"Assortiment Wilgentenen | Willoworks\",\"isPartOf\":{\"@id\":\"https:\/\/willoworks.be\/#website\"},\"datePublished\":\"2019-03-21T18:06:54+00:00\",\"dateModified\":\"2026-02-01T16:41:19+00:00\",\"description\":\"Laat jou appels en fruit persen bij La pailotte. Geniet van jou eigen sap en drank. Vanaf 100 kg maken we sap van jou eigen appels.\",\"breadcrumb\":{\"@id\":\"https:\/\/willoworks.be\/ons-assortiment-wilgentenen\/#breadcrumb\"},\"inLanguage\":\"fr-BE\",\"potentialAction\":[{\"@type\":\"ReadAction\",\"target\":[\"https:\/\/willoworks.be\/ons-assortiment-wilgentenen\/\"]}]},{\"@type\":\"BreadcrumbList\",\"@id\":\"https:\/\/willoworks.be\/ons-assortiment-wilgentenen\/#breadcrumb\",\"itemListElement\":[{\"@type\":\"ListItem\",\"position\":1,\"name\":\"Home\",\"item\":\"https:\/\/willoworks.be\/\"},{\"@type\":\"ListItem\",\"position\":2,\"name\":\"Assortiment Wilgentenen\"}]},{\"@type\":\"WebSite\",\"@id\":\"https:\/\/willoworks.be\/#website\",\"url\":\"https:\/\/willoworks.be\/\",\"name\":\"Willoworks\",\"description\":\"Wilgentenen en de realisatie van wilgenprojecten.\",\"publisher\":{\"@id\":\"https:\/\/willoworks.be\/#organization\"},\"potentialAction\":[{\"@type\":\"SearchAction\",\"target\":{\"@type\":\"EntryPoint\",\"urlTemplate\":\"https:\/\/willoworks.be\/?s={search_term_string}\"},\"query-input\":{\"@type\":\"PropertyValueSpecification\",\"valueRequired\":true,\"valueName\":\"search_term_string\"}}],\"inLanguage\":\"fr-BE\"},{\"@type\":\"Organization\",\"@id\":\"https:\/\/willoworks.be\/#organization\",\"name\":\"Willoworks\",\"url\":\"https:\/\/willoworks.be\/\",\"logo\":{\"@type\":\"ImageObject\",\"inLanguage\":\"fr-BE\",\"@id\":\"https:\/\/willoworks.be\/#\/schema\/logo\/image\/\",\"url\":\"https:\/\/willoworks.be\/wp-content\/uploads\/2025\/12\/logo.2png-scaled.png\",\"contentUrl\":\"https:\/\/willoworks.be\/wp-content\/uploads\/2025\/12\/logo.2png-scaled.png\",\"width\":2560,\"height\":640,\"caption\":\"Willoworks\"},\"image\":{\"@id\":\"https:\/\/willoworks.be\/#\/schema\/logo\/image\/\"}}]}<\/script>\n<!-- \/ Yoast SEO Premium plugin. -->","yoast_head_json":{"title":"Assortiment Wilgentenen | Willoworks","description":"Laat jou appels en fruit persen bij La pailotte. Geniet van jou eigen sap en drank. Vanaf 100 kg maken we sap van jou eigen appels.","robots":{"index":"index","follow":"follow","max-snippet":"max-snippet:-1","max-image-preview":"max-image-preview:large","max-video-preview":"max-video-preview:-1"},"canonical":"https:\/\/willoworks.be\/fr\/ons-assortiment-wilgentenen\/","og_locale":"fr_FR","og_type":"article","og_title":"Assortiment Wilgentenen","og_description":"Laat jou appels en fruit persen bij La pailotte. Geniet van jou eigen sap en drank. Vanaf 100 kg maken we sap van jou eigen appels.","og_url":"https:\/\/willoworks.be\/fr\/ons-assortiment-wilgentenen\/","og_site_name":"Willoworks","article_modified_time":"2026-02-01T16:41:19+00:00","twitter_card":"summary_large_image","twitter_misc":{"Dur\u00e9e de lecture est.":"26 minutes"},"schema":{"@context":"https:\/\/schema.org","@graph":[{"@type":"WebPage","@id":"https:\/\/willoworks.be\/ons-assortiment-wilgentenen\/","url":"https:\/\/willoworks.be\/ons-assortiment-wilgentenen\/","name":"Assortiment Wilgentenen | Willoworks","isPartOf":{"@id":"https:\/\/willoworks.be\/#website"},"datePublished":"2019-03-21T18:06:54+00:00","dateModified":"2026-02-01T16:41:19+00:00","description":"Laat jou appels en fruit persen bij La pailotte. Geniet van jou eigen sap en drank. Vanaf 100 kg maken we sap van jou eigen appels.","breadcrumb":{"@id":"https:\/\/willoworks.be\/ons-assortiment-wilgentenen\/#breadcrumb"},"inLanguage":"fr-BE","potentialAction":[{"@type":"ReadAction","target":["https:\/\/willoworks.be\/ons-assortiment-wilgentenen\/"]}]},{"@type":"BreadcrumbList","@id":"https:\/\/willoworks.be\/ons-assortiment-wilgentenen\/#breadcrumb","itemListElement":[{"@type":"ListItem","position":1,"name":"Home","item":"https:\/\/willoworks.be\/"},{"@type":"ListItem","position":2,"name":"Assortiment Wilgentenen"}]},{"@type":"WebSite","@id":"https:\/\/willoworks.be\/#website","url":"https:\/\/willoworks.be\/","name":"Willoworks","description":"Wilgentenen en de realisatie van wilgenprojecten.","publisher":{"@id":"https:\/\/willoworks.be\/#organization"},"potentialAction":[{"@type":"SearchAction","target":{"@type":"EntryPoint","urlTemplate":"https:\/\/willoworks.be\/?s={search_term_string}"},"query-input":{"@type":"PropertyValueSpecification","valueRequired":true,"valueName":"search_term_string"}}],"inLanguage":"fr-BE"},{"@type":"Organization","@id":"https:\/\/willoworks.be\/#organization","name":"Willoworks","url":"https:\/\/willoworks.be\/","logo":{"@type":"ImageObject","inLanguage":"fr-BE","@id":"https:\/\/willoworks.be\/#\/schema\/logo\/image\/","url":"https:\/\/willoworks.be\/wp-content\/uploads\/2025\/12\/logo.2png-scaled.png","contentUrl":"https:\/\/willoworks.be\/wp-content\/uploads\/2025\/12\/logo.2png-scaled.png","width":2560,"height":640,"caption":"Willoworks"},"image":{"@id":"https:\/\/willoworks.be\/#\/schema\/logo\/image\/"}}]}},"_links":{"self":[{"href":"https:\/\/willoworks.be\/fr\/wp-json\/wp\/v2\/pages\/1025","targetHints":{"allow":["GET"]}}],"collection":[{"href":"https:\/\/willoworks.be\/fr\/wp-json\/wp\/v2\/pages"}],"about":[{"href":"https:\/\/willoworks.be\/fr\/wp-json\/wp\/v2\/types\/page"}],"author":[{"embeddable":true,"href":"https:\/\/willoworks.be\/fr\/wp-json\/wp\/v2\/users\/1"}],"replies":[{"embeddable":true,"href":"https:\/\/willoworks.be\/fr\/wp-json\/wp\/v2\/comments?post=1025"}],"version-history":[{"count":213,"href":"https:\/\/willoworks.be\/fr\/wp-json\/wp\/v2\/pages\/1025\/revisions"}],"predecessor-version":[{"id":3614,"href":"https:\/\/willoworks.be\/fr\/wp-json\/wp\/v2\/pages\/1025\/revisions\/3614"}],"wp:attachment":[{"href":"https:\/\/willoworks.be\/fr\/wp-json\/wp\/v2\/media?parent=1025"}],"curies":[{"name":"wp","href":"https:\/\/api.w.org\/{rel}","templated":true}]}}