{"id":2367,"date":"2019-08-29T19:45:24","date_gmt":"2019-08-29T19:45:24","guid":{"rendered":"https:\/\/la-paillote.be\/?page_id=2367"},"modified":"2019-09-10T21:31:56","modified_gmt":"2019-09-10T21:31:56","slug":"contact-fr","status":"publish","type":"page","link":"https:\/\/willoworks.be\/fr\/contact-fr\/","title":{"rendered":"Contact"},"content":{"rendered":"<div id=\"fws_69f54933d38ed\"  data-column-margin=\"default\" data-midnight=\"dark\"  class=\"wpb_row vc_row-fluid vc_row full-width-content vc_row-o-equal-height vc_row-flex vc_row-o-content-top\"  style=\"padding-top: 0px; padding-bottom: 0px; \"><div class=\"row-bg-wrap\" data-bg-animation=\"none\" data-bg-animation-delay=\"\" data-bg-overlay=\"false\"><div class=\"inner-wrap row-bg-layer\" ><div class=\"row-bg viewport-desktop\"  style=\"\"><\/div><\/div><\/div><div class=\"row_col_wrap_12 col span_12 dark left\">\n\t<div  class=\"vc_col-sm-12 wpb_column column_container vc_column_container col no-extra-padding\"  data-padding-pos=\"all\" data-has-bg-color=\"false\" data-bg-color=\"\" data-bg-opacity=\"1\" data-animation=\"\" data-delay=\"0\" >\n\t\t<div class=\"vc_column-inner\" >\n\t\t\t<div class=\"wpb_wrapper\">\n\t\t\t\t<div id=\"map_69f54933d3e2c\" style=\"height: 350px;\" class=\"nectar-leaflet-map\" data-infowindow-start-open=\"1\" data-dark-color-scheme=\"\" data-marker-style=\"nectar\" data-nectar-marker-color=\"accent-color\" data-ultra-flat=\"\" data-greyscale=\"\" data-extra-color=\"\" data-enable-animation=\"false\" data-enable-zoom=\"\" data-zoom-level=\"16\" data-center-lat=\"50.66122\" data-center-lng=\"5.15625\" data-marker-img=\"\"><\/div><div class=\"map_69f54933d3e2c map-marker-list\"><div class=\"map-marker\" data-marker-image-width=\"50\" data-marker-image-height=\"50\" data-lat=\"50.662528\" data-lng=\"5.156652\" data-mapinfo=\" La Paillote Rue de Tourinne 4a<br \/>\"><\/div><div class=\"map-marker\" data-marker-image-width=\"50\" data-marker-image-height=\"50\" data-lat=\"Geer\" data-lng=\"\" data-mapinfo=\"\"><\/div><\/div><div class=\"divider-wrap\" data-alignment=\"default\"><div style=\"height: 20px;\" class=\"divider\"><\/div><\/div>\n\t\t\t<\/div> \n\t\t<\/div>\n\t<\/div> \n<\/div><\/div>\n\t\t<div id=\"fws_69f54933d427d\"  data-column-margin=\"default\" data-midnight=\"dark\"  class=\"wpb_row vc_row-fluid vc_row vc_row-o-full-height vc_row-o-columns-middle vc_row-o-equal-height vc_row-flex\"  style=\"padding-top: 0px; padding-bottom: 0px; \"><div class=\"row-bg-wrap\" data-bg-animation=\"none\" data-bg-animation-delay=\"\" data-bg-overlay=\"false\"><div class=\"inner-wrap row-bg-layer\" ><div class=\"row-bg viewport-desktop\"  style=\"\"><\/div><\/div><\/div><div class=\"row_col_wrap_12 col span_12 dark left\">\n\t<div  class=\"vc_col-sm-8 wpb_column column_container vc_column_container col no-extra-padding\"  data-padding-pos=\"left\" data-has-bg-color=\"false\" data-bg-color=\"\" data-bg-opacity=\"1\" data-animation=\"\" data-delay=\"0\" >\n\t\t<div class=\"vc_column-inner\" >\n\t\t\t<div class=\"wpb_wrapper\">\n\t\t\t\t<h2 style=\"font-size: 38px;text-align: left\" class=\"vc_custom_heading vc_do_custom_heading vc_custom_1568031109453\" >Nous contacter<\/h2>\n<div class=\"wpb_text_column wpb_content_element  vc_custom_1568031041477\" >\n\t<div class=\"wpb_wrapper\">\n\t\t<p>[quform id=&#8221;9&#8243; name=&#8221;Contact pagina&#8221; show_title=&#8221;0&#8243; show_description=&#8221;0&#8243;]<\/p>\n\t<\/div>\n<\/div>\n\n\n\n\n\t\t\t<\/div> \n\t\t<\/div>\n\t<\/div> \n\n\t<div  class=\"vc_col-sm-4 wpb_column column_container vc_column_container col no-extra-padding\"  data-padding-pos=\"all\" data-has-bg-color=\"false\" data-bg-color=\"\" data-bg-opacity=\"1\" data-animation=\"\" data-delay=\"0\" >\n\t\t<div class=\"vc_column-inner\" >\n\t\t\t<div class=\"wpb_wrapper\">\n\t\t\t\t<h2 style=\"font-size: 38px;text-align: left\" class=\"vc_custom_heading vc_do_custom_heading vc_custom_1568031169889\" >Informations de contact:<\/h2>\n<div class=\"wpb_text_column wpb_content_element\" >\n\t<div class=\"wpb_wrapper\">\n\t\t<p>Disponible tous les jours par t\u00e9l\u00e9phone \u00e0 partir de 10h.<\/p>\n<div dir=\"ltr\" data-setdir=\"false\">\n<div>\n<p class=\"ydpd2199c97MsoNormal\">0493\/71.34.94<\/p>\n<p class=\"ydpd2199c97MsoNormal\">BTW BE 0695.948.274<\/p>\n<\/div>\n<\/div>\n<p>Adresse:<a href=\"https:\/\/www.google.com\/maps\/place\/Rue+de+Tourinne+4,+4250+Geer\/@50.6614046,5.1538188,17z\/data=!3m1!4b1!4m13!1m7!3m6!1s0x47c10f387ff2d04f:0x95f53e5156e35bad!2sRue+de+Tourinne+4,+4250+Geer!3b1!8m2!3d50.6614046!4d5.1560075!3m4!1s0x47c10f387ff2d04f:0x95f53e5156e35bad!8m2!3d50.6614046!4d5.1560075\" target=\"_blank\" rel=\"noopener noreferrer\">\u00a0<\/a><a href=\"https:\/\/www.google.com\/maps\/place\/Rue+de+Tourinne+4,+4250+Geer\/@50.6614046,5.1538188,17z\/data=!3m1!4b1!4m13!1m7!3m6!1s0x47c10f387ff2d04f:0x95f53e5156e35bad!2sRue+de+Tourinne+4,+4250+Geer!3b1!8m2!3d50.6614046!4d5.1560075!3m4!1s0x47c10f387ff2d04f:0x95f53e5156e35bad!8m2!3d50.6614046!4d5.1560075\" target=\"_blank\" rel=\"noopener noreferrer\">Rue de Tourinne 4a, 4250 Geer<\/a><\/p>\n\t<\/div>\n<\/div>\n\n\n\n\n\t\t\t<\/div> \n\t\t<\/div>\n\t<\/div> \n<\/div><\/div>","protected":false},"excerpt":{"rendered":"Nous contacter [quform id=\"9\" name=\"Contact pagina\" show_title=\"0\" show_description=\"0\"] Informations de contact: Disponible tous les jours par t\u00e9l\u00e9phone \u00e0 partir de 10h. 0493\/71.34.94 BTW BE 0695.948.274 Adresse:\u00a0Rue de Tourinne 4a, 4250...","protected":false},"author":1,"featured_media":0,"parent":0,"menu_order":0,"comment_status":"open","ping_status":"closed","template":"","meta":{"footnotes":""},"class_list":["post-2367","page","type-page","status-publish"],"yoast_head":"<!-- This site is optimized with the Yoast SEO Premium plugin v26.7 (Yoast SEO v26.7) - https:\/\/yoast.com\/wordpress\/plugins\/seo\/ -->\n<title>Contact | Willoworks<\/title>\n<meta name=\"robots\" content=\"index, follow, max-snippet:-1, max-image-preview:large, max-video-preview:-1\" \/>\n<link rel=\"canonical\" href=\"https:\/\/willoworks.be\/fr\/contact-fr\/\" \/>\n<meta property=\"og:locale\" content=\"fr_FR\" \/>\n<meta property=\"og:type\" content=\"article\" \/>\n<meta property=\"og:title\" content=\"Contact\" \/>\n<meta property=\"og:url\" content=\"https:\/\/willoworks.be\/fr\/contact-fr\/\" \/>\n<meta property=\"og:site_name\" content=\"Willoworks\" \/>\n<meta property=\"article:modified_time\" content=\"2019-09-10T21:31:56+00:00\" \/>\n<meta name=\"twitter:card\" content=\"summary_large_image\" \/>\n<meta name=\"twitter:label1\" content=\"Dur\u00e9e de lecture est.\" \/>\n\t<meta name=\"twitter:data1\" content=\"2 minutes\" \/>\n<script type=\"application\/ld+json\" class=\"yoast-schema-graph\">{\"@context\":\"https:\/\/schema.org\",\"@graph\":[{\"@type\":\"WebPage\",\"@id\":\"https:\/\/willoworks.be\/contact-fr\/\",\"url\":\"https:\/\/willoworks.be\/contact-fr\/\",\"name\":\"Contact | Willoworks\",\"isPartOf\":{\"@id\":\"https:\/\/willoworks.be\/#website\"},\"datePublished\":\"2019-08-29T19:45:24+00:00\",\"dateModified\":\"2019-09-10T21:31:56+00:00\",\"breadcrumb\":{\"@id\":\"https:\/\/willoworks.be\/contact-fr\/#breadcrumb\"},\"inLanguage\":\"fr-BE\",\"potentialAction\":[{\"@type\":\"ReadAction\",\"target\":[\"https:\/\/willoworks.be\/contact-fr\/\"]}]},{\"@type\":\"BreadcrumbList\",\"@id\":\"https:\/\/willoworks.be\/contact-fr\/#breadcrumb\",\"itemListElement\":[{\"@type\":\"ListItem\",\"position\":1,\"name\":\"Home\",\"item\":\"https:\/\/willoworks.be\/\"},{\"@type\":\"ListItem\",\"position\":2,\"name\":\"Contact\"}]},{\"@type\":\"WebSite\",\"@id\":\"https:\/\/willoworks.be\/#website\",\"url\":\"https:\/\/willoworks.be\/\",\"name\":\"Willoworks\",\"description\":\"Wilgentenen en de realisatie van wilgenprojecten.\",\"publisher\":{\"@id\":\"https:\/\/willoworks.be\/#organization\"},\"potentialAction\":[{\"@type\":\"SearchAction\",\"target\":{\"@type\":\"EntryPoint\",\"urlTemplate\":\"https:\/\/willoworks.be\/?s={search_term_string}\"},\"query-input\":{\"@type\":\"PropertyValueSpecification\",\"valueRequired\":true,\"valueName\":\"search_term_string\"}}],\"inLanguage\":\"fr-BE\"},{\"@type\":\"Organization\",\"@id\":\"https:\/\/willoworks.be\/#organization\",\"name\":\"Willoworks\",\"url\":\"https:\/\/willoworks.be\/\",\"logo\":{\"@type\":\"ImageObject\",\"inLanguage\":\"fr-BE\",\"@id\":\"https:\/\/willoworks.be\/#\/schema\/logo\/image\/\",\"url\":\"https:\/\/willoworks.be\/wp-content\/uploads\/2025\/12\/logo.2png-scaled.png\",\"contentUrl\":\"https:\/\/willoworks.be\/wp-content\/uploads\/2025\/12\/logo.2png-scaled.png\",\"width\":2560,\"height\":640,\"caption\":\"Willoworks\"},\"image\":{\"@id\":\"https:\/\/willoworks.be\/#\/schema\/logo\/image\/\"}}]}<\/script>\n<!-- \/ Yoast SEO Premium plugin. -->","yoast_head_json":{"title":"Contact | Willoworks","robots":{"index":"index","follow":"follow","max-snippet":"max-snippet:-1","max-image-preview":"max-image-preview:large","max-video-preview":"max-video-preview:-1"},"canonical":"https:\/\/willoworks.be\/fr\/contact-fr\/","og_locale":"fr_FR","og_type":"article","og_title":"Contact","og_url":"https:\/\/willoworks.be\/fr\/contact-fr\/","og_site_name":"Willoworks","article_modified_time":"2019-09-10T21:31:56+00:00","twitter_card":"summary_large_image","twitter_misc":{"Dur\u00e9e de lecture est.":"2 minutes"},"schema":{"@context":"https:\/\/schema.org","@graph":[{"@type":"WebPage","@id":"https:\/\/willoworks.be\/contact-fr\/","url":"https:\/\/willoworks.be\/contact-fr\/","name":"Contact | Willoworks","isPartOf":{"@id":"https:\/\/willoworks.be\/#website"},"datePublished":"2019-08-29T19:45:24+00:00","dateModified":"2019-09-10T21:31:56+00:00","breadcrumb":{"@id":"https:\/\/willoworks.be\/contact-fr\/#breadcrumb"},"inLanguage":"fr-BE","potentialAction":[{"@type":"ReadAction","target":["https:\/\/willoworks.be\/contact-fr\/"]}]},{"@type":"BreadcrumbList","@id":"https:\/\/willoworks.be\/contact-fr\/#breadcrumb","itemListElement":[{"@type":"ListItem","position":1,"name":"Home","item":"https:\/\/willoworks.be\/"},{"@type":"ListItem","position":2,"name":"Contact"}]},{"@type":"WebSite","@id":"https:\/\/willoworks.be\/#website","url":"https:\/\/willoworks.be\/","name":"Willoworks","description":"Wilgentenen en de realisatie van wilgenprojecten.","publisher":{"@id":"https:\/\/willoworks.be\/#organization"},"potentialAction":[{"@type":"SearchAction","target":{"@type":"EntryPoint","urlTemplate":"https:\/\/willoworks.be\/?s={search_term_string}"},"query-input":{"@type":"PropertyValueSpecification","valueRequired":true,"valueName":"search_term_string"}}],"inLanguage":"fr-BE"},{"@type":"Organization","@id":"https:\/\/willoworks.be\/#organization","name":"Willoworks","url":"https:\/\/willoworks.be\/","logo":{"@type":"ImageObject","inLanguage":"fr-BE","@id":"https:\/\/willoworks.be\/#\/schema\/logo\/image\/","url":"https:\/\/willoworks.be\/wp-content\/uploads\/2025\/12\/logo.2png-scaled.png","contentUrl":"https:\/\/willoworks.be\/wp-content\/uploads\/2025\/12\/logo.2png-scaled.png","width":2560,"height":640,"caption":"Willoworks"},"image":{"@id":"https:\/\/willoworks.be\/#\/schema\/logo\/image\/"}}]}},"_links":{"self":[{"href":"https:\/\/willoworks.be\/fr\/wp-json\/wp\/v2\/pages\/2367","targetHints":{"allow":["GET"]}}],"collection":[{"href":"https:\/\/willoworks.be\/fr\/wp-json\/wp\/v2\/pages"}],"about":[{"href":"https:\/\/willoworks.be\/fr\/wp-json\/wp\/v2\/types\/page"}],"author":[{"embeddable":true,"href":"https:\/\/willoworks.be\/fr\/wp-json\/wp\/v2\/users\/1"}],"replies":[{"embeddable":true,"href":"https:\/\/willoworks.be\/fr\/wp-json\/wp\/v2\/comments?post=2367"}],"version-history":[{"count":8,"href":"https:\/\/willoworks.be\/fr\/wp-json\/wp\/v2\/pages\/2367\/revisions"}],"predecessor-version":[{"id":2815,"href":"https:\/\/willoworks.be\/fr\/wp-json\/wp\/v2\/pages\/2367\/revisions\/2815"}],"wp:attachment":[{"href":"https:\/\/willoworks.be\/fr\/wp-json\/wp\/v2\/media?parent=2367"}],"curies":[{"name":"wp","href":"https:\/\/api.w.org\/{rel}","templated":true}]}}