{"id":26,"date":"2013-03-23T13:06:18","date_gmt":"2013-03-23T13:06:18","guid":{"rendered":"http:\/\/themenectar.com\/demo\/salient\/?page_id=26"},"modified":"2026-01-13T20:03:46","modified_gmt":"2026-01-13T20:03:46","slug":"contacteer-ons","status":"publish","type":"page","link":"https:\/\/willoworks.be\/fr\/contacteer-ons\/","title":{"rendered":"Contactez-nous"},"content":{"rendered":"<div id=\"fws_69e006fb2ff8b\"  data-column-margin=\"default\" data-midnight=\"dark\"  class=\"wpb_row vc_row-fluid vc_row full-width-content vc_row-o-equal-height vc_row-flex vc_row-o-content-top\"  style=\"padding-top: 0px; padding-bottom: 0px; \"><div class=\"row-bg-wrap\" data-bg-animation=\"none\" data-bg-animation-delay=\"\" data-bg-overlay=\"false\"><div class=\"inner-wrap row-bg-layer\" ><div class=\"row-bg viewport-desktop\"  style=\"\"><\/div><\/div><\/div><div class=\"row_col_wrap_12 col span_12 dark left\">\n\t<div  class=\"vc_col-sm-12 wpb_column column_container vc_column_container col no-extra-padding inherit_tablet inherit_phone\"  data-padding-pos=\"all\" data-has-bg-color=\"false\" data-bg-color=\"\" data-bg-opacity=\"1\" data-animation=\"\" data-delay=\"0\" >\n\t\t<div class=\"vc_column-inner\" >\n\t\t\t<div class=\"wpb_wrapper\">\n\t\t\t\t<div id=\"map_69e006fb3062e\" style=\"height: 500px;\" class=\"nectar-leaflet-map\" data-infowindow-start-open=\"1\" data-dark-color-scheme=\"\" data-marker-style=\"nectar\" data-nectar-marker-color=\"extra-color-1\" data-ultra-flat=\"\" data-greyscale=\"\" data-extra-color=\"\" data-enable-animation=\"false\" data-enable-zoom=\"\" data-zoom-level=\"16\" data-center-lat=\"50.66122\" data-center-lng=\"5.15625\" data-marker-img=\"\"><\/div><div class=\"map_69e006fb3062e map-marker-list\"><div class=\"map-marker\" data-marker-image-width=\"50\" data-marker-image-height=\"50\" data-lat=\"50.662528\" data-lng=\"5.156652\" data-mapinfo=\" Willoworks Rue de Tourinne 4a<br \/>\"><\/div><div class=\"map-marker\" data-marker-image-width=\"50\" data-marker-image-height=\"50\" data-lat=\"Geer\" data-lng=\"\" data-mapinfo=\"\"><\/div><\/div><div class=\"divider-wrap\" data-alignment=\"default\"><div style=\"height: 20px;\" class=\"divider\"><\/div><\/div>\n\t\t\t<\/div> \n\t\t<\/div>\n\t<\/div> \n<\/div><\/div>\n\t\t<div id=\"fws_69e006fb30ad8\"  data-column-margin=\"default\" data-midnight=\"dark\"  class=\"wpb_row vc_row-fluid vc_row\"  style=\"padding-top: 0px; padding-bottom: 0px; \"><div class=\"row-bg-wrap\" data-bg-animation=\"none\" data-bg-animation-delay=\"\" data-bg-overlay=\"false\"><div class=\"inner-wrap row-bg-layer\" ><div class=\"row-bg viewport-desktop\"  style=\"\"><\/div><\/div><\/div><div class=\"row_col_wrap_12 col span_12 dark left\">\n\t<div  class=\"vc_col-sm-8 wpb_column column_container vc_column_container col padding-5-percent inherit_tablet inherit_phone\"  data-padding-pos=\"left-right\" data-has-bg-color=\"false\" data-bg-color=\"\" data-bg-opacity=\"1\" data-animation=\"\" data-delay=\"0\" >\n\t\t<div class=\"vc_column-inner\" >\n\t\t\t<div class=\"wpb_wrapper\">\n\t\t\t\t<h2 style=\"font-size: 45px;text-align: left\" class=\"vc_custom_heading vc_do_custom_heading vc_custom_1766428952123\" >Contacter Willoworks<\/h2>\n<div class=\"wpb_text_column wpb_content_element\" >\n\t<div class=\"wpb_wrapper\">\n\t\t<p>Nous aimerions avoir de vos nouvelles ! Avez-vous des questions ou des commentaires ?<\/p>\n<p>N\u2019h\u00e9sitez pas \u00e0 nous contacter.<\/p>\n\t<\/div>\n<\/div>\n\n\n\n\n<div class=\"wpb_text_column wpb_content_element  vc_custom_1719750448771\" >\n\t<div class=\"wpb_wrapper\">\n\t\t<div class=\"wpforms-container wpforms-container-full wpforms-render-modern\" id=\"wpforms-3176\"><form id=\"wpforms-form-3176\" class=\"wpforms-validate wpforms-form wpforms-ajax-form\" data-formid=\"3176\" method=\"post\" enctype=\"multipart\/form-data\" action=\"\/fr\/wp-json\/wp\/v2\/pages\/26\" data-token=\"1bd70f239e98f3b6f59b5ccff6cd911a\" data-token-time=\"1776289531\" data-trp-original-action=\"\/fr\/wp-json\/wp\/v2\/pages\/26\"><noscript class=\"wpforms-error-noscript\">Veuillez activer JavaScript dans votre navigateur pour remplir ce formulaire.<\/noscript><div class=\"wpforms-hidden\" id=\"wpforms-error-noscript\">Veuillez activer JavaScript dans votre navigateur pour remplir ce formulaire.<\/div><div class=\"wpforms-field-container\"><div id=\"wpforms-3176-field_0-container\" class=\"wpforms-field wpforms-field-name\" data-field-id=\"0\"><fieldset><legend class=\"wpforms-field-label\">Nom et pr\u00e9nom * <span class=\"wpforms-required-label\" aria-hidden=\"true\">*<\/span><\/legend><div class=\"wpforms-field-row wpforms-field-large\"><div class=\"wpforms-field-row-block wpforms-first wpforms-one-half\"><input type=\"text\" id=\"wpforms-3176-field_0\" class=\"wpforms-field-name-first wpforms-field-required\" name=\"wpforms[fields][0][first]\" aria-errormessage=\"wpforms-3176-field_0-error\" required><label for=\"wpforms-3176-field_0\" class=\"wpforms-field-sublabel after\">Pr\u00e9nom<\/label><\/div><div class=\"wpforms-field-row-block wpforms-one-half\"><input type=\"text\" id=\"wpforms-3176-field_0-last\" class=\"wpforms-field-name-last wpforms-field-required\" name=\"wpforms[fields][0][last]\" aria-errormessage=\"wpforms-3176-field_0-last-error\" required><label for=\"wpforms-3176-field_0-last\" class=\"wpforms-field-sublabel after\">Nom<\/label><\/div><\/div><\/fieldset><\/div><div id=\"wpforms-3176-field_3-container\" class=\"wpforms-field wpforms-field-layout\" data-field-id=\"3\"><label class=\"wpforms-field-label wpforms-label-hide\" aria-hidden=\"false\">Lay-out<\/label><div class=\"wpforms-field-layout-rows wpforms-field-large\"><div class=\"wpforms-layout-row\"><div class=\"wpforms-layout-column wpforms-layout-column-50\"><div id=\"wpforms-3176-field_1-container\" class=\"wpforms-field wpforms-field-email\" data-field-id=\"1\"><label class=\"wpforms-field-label\" for=\"wpforms-3176-field_1\">E-mail <span class=\"wpforms-required-label\" aria-hidden=\"true\">*<\/span><\/label><input type=\"email\" id=\"wpforms-3176-field_1\" class=\"wpforms-field-medium wpforms-field-required\" name=\"wpforms[fields][1]\" spellcheck=\"false\" aria-errormessage=\"wpforms-3176-field_1-error\" required><\/div><\/div><div class=\"wpforms-layout-column wpforms-layout-column-50\"><div id=\"wpforms-3176-field_5-container\" class=\"wpforms-field wpforms-field-phone\" data-field-id=\"5\"><label class=\"wpforms-field-label\" for=\"wpforms-3176-field_5\">T\u00e9l\u00e9phone<\/label><input type=\"tel\" id=\"wpforms-3176-field_5\" class=\"wpforms-field-medium wpforms-smart-phone-field\" data-rule-smart-phone-field=\"true\" name=\"wpforms[fields][5]\" aria-errormessage=\"wpforms-3176-field_5-error\" ><\/div><\/div><\/div><\/div><\/div><div id=\"wpforms-3176-field_2-container\" class=\"wpforms-field wpforms-field-textarea\" data-field-id=\"2\"><label class=\"wpforms-field-label\" for=\"wpforms-3176-field_2\">Commentaire ou message<\/label><textarea id=\"wpforms-3176-field_2\" class=\"wpforms-field-medium\" name=\"wpforms[fields][2]\" aria-errormessage=\"wpforms-3176-field_2-error\" ><\/textarea><\/div><\/div><!-- .wpforms-field-container --><div class=\"wpforms-recaptcha-container wpforms-is-recaptcha wpforms-is-recaptcha-type-v3\" ><input type=\"hidden\" name=\"wpforms[recaptcha]\" value=\"\"><\/div><div class=\"wpforms-submit-container\" ><input type=\"hidden\" name=\"wpforms[id]\" value=\"3176\"><input type=\"hidden\" name=\"page_title\" value=\"\"><input type=\"hidden\" name=\"page_url\" value=\"https:\/\/willoworks.be\/fr\/wp-json\/wp\/v2\/pages\/26\"><button type=\"submit\" name=\"wpforms[submit]\" id=\"wpforms-submit-3176\" class=\"wpforms-submit\" data-alt-text=\"Verzenden...\" data-submit-text=\"Verzend\" aria-live=\"assertive\" value=\"wpforms-submit\">Envoyer<\/button><img loading=\"lazy\" decoding=\"async\" src=\"https:\/\/willoworks.be\/wp-content\/plugins\/wpforms\/assets\/images\/submit-spin.svg\" class=\"wpforms-submit-spinner\" style=\"display: none;\" width=\"26\" height=\"26\" alt=\"Chargement en cours\"><\/div><input type=\"hidden\" name=\"trp-form-language\" value=\"fr\"\/><\/form><\/div>  <!-- .wpforms-container -->\n\t<\/div>\n<\/div>\n\n\n\n\n\t\t\t<\/div> \n\t\t<\/div>\n\t<\/div> \n\n\t<div  class=\"vc_col-sm-4 wpb_column column_container vc_column_container col no-extra-padding inherit_tablet inherit_phone\"  data-padding-pos=\"all\" data-has-bg-color=\"false\" data-bg-color=\"\" data-bg-opacity=\"1\" data-animation=\"\" data-delay=\"0\" >\n\t\t<div class=\"vc_column-inner\" >\n\t\t\t<div class=\"wpb_wrapper\">\n\t\t\t\t<h2 style=\"font-size: 45px;text-align: left\" class=\"vc_custom_heading vc_do_custom_heading vc_custom_1766428958680\" >Informations de contact:<\/h2>\n<div class=\"wpb_text_column wpb_content_element\" >\n\t<div class=\"wpb_wrapper\">\n\t\t<p>Disponible tous les jours par t\u00e9l\u00e9phone \u00e0 partir de 10h.<\/p>\n<p>0493\/71.34.94<\/p>\n<p>Adres:<a href=\"https:\/\/www.google.com\/maps\/place\/Rue+de+Tourinne+4,+4250+Geer\/@50.6614046,5.1538188,17z\/data=!3m1!4b1!4m13!1m7!3m6!1s0x47c10f387ff2d04f:0x95f53e5156e35bad!2sRue+de+Tourinne+4,+4250+Geer!3b1!8m2!3d50.6614046!4d5.1560075!3m4!1s0x47c10f387ff2d04f:0x95f53e5156e35bad!8m2!3d50.6614046!4d5.1560075\" target=\"_blank\" rel=\"noopener noreferrer\">\u00a0<\/a><a href=\"https:\/\/www.google.com\/maps\/place\/50%C2%B039'45.0%22N+5%C2%B009'24.0%22E\/@50.662504,5.15557,264m\/data=!3m2!1e3!4b1!4m14!1m7!3m6!1s0x47c10f387ff2d04f:0x95f53e5156e35bad!2sRue+de+Tourinne+4,+4250+Geer!3b1!8m2!3d50.6614046!4d5.1560075!3m5!1s0x0:0x0!7e2!8m2!3d50.6625037!4d5.1566636\" target=\"_blank\" rel=\"noopener noreferrer\">Rue de Tourinne 4a, 4250 Geer<\/a><\/p>\n<p>Willoworks fait partie de l'asbl Pays de Cocagne.<\/p>\n<div dir=\"ltr\" data-setdir=\"false\">\n<p class=\"ydpd2199c97MsoNormal\">BTW BE 0787.718.885<\/p>\n<\/div>\n\t<\/div>\n<\/div>\n\n\n\n\n\t\t\t<\/div> \n\t\t<\/div>\n\t<\/div> \n<\/div><\/div>","protected":false},"excerpt":{"rendered":"Neem contact op met Willoworks We horen graag van u! Heeft u vragen, opmerkingen of wilt u meer weten over onze diensten? Neem gerust contact met ons op. Wij staan...","protected":false},"author":1,"featured_media":0,"parent":0,"menu_order":0,"comment_status":"open","ping_status":"closed","template":"","meta":{"footnotes":""},"class_list":["post-26","page","type-page","status-publish"],"yoast_head":"<!-- This site is optimized with the Yoast SEO Premium plugin v26.7 (Yoast SEO v26.7) - https:\/\/yoast.com\/wordpress\/plugins\/seo\/ -->\n<title>Contacteer ons | Willoworks<\/title>\n<meta name=\"description\" content=\"Neem rechtstreeks contact met ons op via email, telefoon of bericht. La paillote staat open voor alle vragen of verzoeken.\" \/>\n<meta name=\"robots\" content=\"index, follow, max-snippet:-1, max-image-preview:large, max-video-preview:-1\" \/>\n<link rel=\"canonical\" href=\"https:\/\/willoworks.be\/fr\/contacteer-ons\/\" \/>\n<meta property=\"og:locale\" content=\"fr_FR\" \/>\n<meta property=\"og:type\" content=\"article\" \/>\n<meta property=\"og:title\" content=\"Contacteer ons\" \/>\n<meta property=\"og:description\" content=\"Neem rechtstreeks contact met ons op via email, telefoon of bericht. La paillote staat open voor alle vragen of verzoeken.\" \/>\n<meta property=\"og:url\" content=\"https:\/\/willoworks.be\/fr\/contacteer-ons\/\" \/>\n<meta property=\"og:site_name\" content=\"Willoworks\" \/>\n<meta property=\"article:modified_time\" content=\"2026-01-13T20:03:46+00:00\" \/>\n<meta name=\"twitter:card\" content=\"summary_large_image\" \/>\n<meta name=\"twitter:label1\" content=\"Dur\u00e9e de lecture est.\" \/>\n\t<meta name=\"twitter:data1\" content=\"3 minutes\" \/>\n<script type=\"application\/ld+json\" class=\"yoast-schema-graph\">{\"@context\":\"https:\/\/schema.org\",\"@graph\":[{\"@type\":\"WebPage\",\"@id\":\"https:\/\/willoworks.be\/contacteer-ons\/\",\"url\":\"https:\/\/willoworks.be\/contacteer-ons\/\",\"name\":\"Contacteer ons | Willoworks\",\"isPartOf\":{\"@id\":\"https:\/\/willoworks.be\/#website\"},\"datePublished\":\"2013-03-23T13:06:18+00:00\",\"dateModified\":\"2026-01-13T20:03:46+00:00\",\"description\":\"Neem rechtstreeks contact met ons op via email, telefoon of bericht. La paillote staat open voor alle vragen of verzoeken.\",\"breadcrumb\":{\"@id\":\"https:\/\/willoworks.be\/contacteer-ons\/#breadcrumb\"},\"inLanguage\":\"fr-BE\",\"potentialAction\":[{\"@type\":\"ReadAction\",\"target\":[\"https:\/\/willoworks.be\/contacteer-ons\/\"]}]},{\"@type\":\"BreadcrumbList\",\"@id\":\"https:\/\/willoworks.be\/contacteer-ons\/#breadcrumb\",\"itemListElement\":[{\"@type\":\"ListItem\",\"position\":1,\"name\":\"Home\",\"item\":\"https:\/\/willoworks.be\/\"},{\"@type\":\"ListItem\",\"position\":2,\"name\":\"Contacteer ons\"}]},{\"@type\":\"WebSite\",\"@id\":\"https:\/\/willoworks.be\/#website\",\"url\":\"https:\/\/willoworks.be\/\",\"name\":\"Willoworks\",\"description\":\"Wilgentenen en de realisatie van wilgenprojecten.\",\"publisher\":{\"@id\":\"https:\/\/willoworks.be\/#organization\"},\"potentialAction\":[{\"@type\":\"SearchAction\",\"target\":{\"@type\":\"EntryPoint\",\"urlTemplate\":\"https:\/\/willoworks.be\/?s={search_term_string}\"},\"query-input\":{\"@type\":\"PropertyValueSpecification\",\"valueRequired\":true,\"valueName\":\"search_term_string\"}}],\"inLanguage\":\"fr-BE\"},{\"@type\":\"Organization\",\"@id\":\"https:\/\/willoworks.be\/#organization\",\"name\":\"Willoworks\",\"url\":\"https:\/\/willoworks.be\/\",\"logo\":{\"@type\":\"ImageObject\",\"inLanguage\":\"fr-BE\",\"@id\":\"https:\/\/willoworks.be\/#\/schema\/logo\/image\/\",\"url\":\"https:\/\/willoworks.be\/wp-content\/uploads\/2025\/12\/logo.2png-scaled.png\",\"contentUrl\":\"https:\/\/willoworks.be\/wp-content\/uploads\/2025\/12\/logo.2png-scaled.png\",\"width\":2560,\"height\":640,\"caption\":\"Willoworks\"},\"image\":{\"@id\":\"https:\/\/willoworks.be\/#\/schema\/logo\/image\/\"}}]}<\/script>\n<!-- \/ Yoast SEO Premium plugin. -->","yoast_head_json":{"title":"Contacteer ons | Willoworks","description":"Neem rechtstreeks contact met ons op via email, telefoon of bericht. La paillote staat open voor alle vragen of verzoeken.","robots":{"index":"index","follow":"follow","max-snippet":"max-snippet:-1","max-image-preview":"max-image-preview:large","max-video-preview":"max-video-preview:-1"},"canonical":"https:\/\/willoworks.be\/fr\/contacteer-ons\/","og_locale":"fr_FR","og_type":"article","og_title":"Contacteer ons","og_description":"Neem rechtstreeks contact met ons op via email, telefoon of bericht. La paillote staat open voor alle vragen of verzoeken.","og_url":"https:\/\/willoworks.be\/fr\/contacteer-ons\/","og_site_name":"Willoworks","article_modified_time":"2026-01-13T20:03:46+00:00","twitter_card":"summary_large_image","twitter_misc":{"Dur\u00e9e de lecture est.":"3 minutes"},"schema":{"@context":"https:\/\/schema.org","@graph":[{"@type":"WebPage","@id":"https:\/\/willoworks.be\/contacteer-ons\/","url":"https:\/\/willoworks.be\/contacteer-ons\/","name":"Contacteer ons | Willoworks","isPartOf":{"@id":"https:\/\/willoworks.be\/#website"},"datePublished":"2013-03-23T13:06:18+00:00","dateModified":"2026-01-13T20:03:46+00:00","description":"Neem rechtstreeks contact met ons op via email, telefoon of bericht. La paillote staat open voor alle vragen of verzoeken.","breadcrumb":{"@id":"https:\/\/willoworks.be\/contacteer-ons\/#breadcrumb"},"inLanguage":"fr-BE","potentialAction":[{"@type":"ReadAction","target":["https:\/\/willoworks.be\/contacteer-ons\/"]}]},{"@type":"BreadcrumbList","@id":"https:\/\/willoworks.be\/contacteer-ons\/#breadcrumb","itemListElement":[{"@type":"ListItem","position":1,"name":"Home","item":"https:\/\/willoworks.be\/"},{"@type":"ListItem","position":2,"name":"Contacteer ons"}]},{"@type":"WebSite","@id":"https:\/\/willoworks.be\/#website","url":"https:\/\/willoworks.be\/","name":"Willoworks","description":"Wilgentenen en de realisatie van wilgenprojecten.","publisher":{"@id":"https:\/\/willoworks.be\/#organization"},"potentialAction":[{"@type":"SearchAction","target":{"@type":"EntryPoint","urlTemplate":"https:\/\/willoworks.be\/?s={search_term_string}"},"query-input":{"@type":"PropertyValueSpecification","valueRequired":true,"valueName":"search_term_string"}}],"inLanguage":"fr-BE"},{"@type":"Organization","@id":"https:\/\/willoworks.be\/#organization","name":"Willoworks","url":"https:\/\/willoworks.be\/","logo":{"@type":"ImageObject","inLanguage":"fr-BE","@id":"https:\/\/willoworks.be\/#\/schema\/logo\/image\/","url":"https:\/\/willoworks.be\/wp-content\/uploads\/2025\/12\/logo.2png-scaled.png","contentUrl":"https:\/\/willoworks.be\/wp-content\/uploads\/2025\/12\/logo.2png-scaled.png","width":2560,"height":640,"caption":"Willoworks"},"image":{"@id":"https:\/\/willoworks.be\/#\/schema\/logo\/image\/"}}]}},"_links":{"self":[{"href":"https:\/\/willoworks.be\/fr\/wp-json\/wp\/v2\/pages\/26","targetHints":{"allow":["GET"]}}],"collection":[{"href":"https:\/\/willoworks.be\/fr\/wp-json\/wp\/v2\/pages"}],"about":[{"href":"https:\/\/willoworks.be\/fr\/wp-json\/wp\/v2\/types\/page"}],"author":[{"embeddable":true,"href":"https:\/\/willoworks.be\/fr\/wp-json\/wp\/v2\/users\/1"}],"replies":[{"embeddable":true,"href":"https:\/\/willoworks.be\/fr\/wp-json\/wp\/v2\/comments?post=26"}],"version-history":[{"count":53,"href":"https:\/\/willoworks.be\/fr\/wp-json\/wp\/v2\/pages\/26\/revisions"}],"predecessor-version":[{"id":3599,"href":"https:\/\/willoworks.be\/fr\/wp-json\/wp\/v2\/pages\/26\/revisions\/3599"}],"wp:attachment":[{"href":"https:\/\/willoworks.be\/fr\/wp-json\/wp\/v2\/media?parent=26"}],"curies":[{"name":"wp","href":"https:\/\/api.w.org\/{rel}","templated":true}]}}